{"id":332,"date":"2025-02-17T17:57:28","date_gmt":"2025-02-17T16:57:28","guid":{"rendered":"https:\/\/physiointegralis.de\/?page_id=332"},"modified":"2025-03-24T10:54:33","modified_gmt":"2025-03-24T09:54:33","slug":"impressum","status":"publish","type":"page","link":"https:\/\/physiointegralis.de\/?page_id=332","title":{"rendered":"Impressum"},"content":{"rendered":"\t\t<div data-elementor-type=\"wp-page\" data-elementor-id=\"332\" class=\"elementor elementor-332\" data-elementor-post-type=\"page\">\n\t\t\t\t<div class=\"elementor-element elementor-element-4bd7f81b e-flex e-con-boxed e-con e-parent\" data-id=\"4bd7f81b\" data-element_type=\"container\" data-settings=\"{&quot;background_background&quot;:&quot;gradient&quot;,&quot;_ob_use_container_extras&quot;:&quot;no&quot;,&quot;_ob_column_hoveranimator&quot;:&quot;no&quot;,&quot;_ob_glider_is_slider&quot;:&quot;no&quot;,&quot;_ob_column_has_pseudo&quot;:&quot;no&quot;}\">\n\t\t\t\t\t<div class=\"e-con-inner\">\n\t\t\t\t<div class=\"elementor-element elementor-element-3ad8fdd0 ob-harakiri-inherit ob-has-background-overlay elementor-widget elementor-widget-text-editor\" data-id=\"3ad8fdd0\" data-element_type=\"widget\" data-settings=\"{&quot;_ob_use_harakiri&quot;:&quot;yes&quot;,&quot;_ob_harakiri_writing_mode&quot;:&quot;inherit&quot;,&quot;_ob_postman_use&quot;:&quot;no&quot;,&quot;_ob_perspektive_use&quot;:&quot;no&quot;,&quot;_ob_poopart_use&quot;:&quot;yes&quot;,&quot;_ob_shadough_use&quot;:&quot;no&quot;,&quot;_ob_allow_hoveranimator&quot;:&quot;no&quot;,&quot;_ob_widget_stalker_use&quot;:&quot;no&quot;}\" data-widget_type=\"text-editor.default\">\n\t\t\t\t<div class=\"elementor-widget-container\">\n\t\t\t\t\t\t\t\t\t<p><strong><\/strong><\/p>\n\n<h2>Impressum<\/h2>\n<p><strong>Verantwortlich f\u00fcr die Inhalte dieser Internet-Seite:<\/strong><\/p>\n<p>Florian Grie\u00dfemer<br \/>N\u00fcrnberger Stra\u00dfe 1<br \/>90530 Wendelstein<br \/>Tel.: 0175 &#8211; 670 84 97<br \/><a href=\"mailto:info@physiointegralis.de\" target=\"_blank\" rel=\"noopener\">info@physiointegralis.de<\/a><\/p>\n<p><strong>Zust\u00e4ndige Beh\u00f6rde:<\/strong><\/p>\n<p>ARGE Heilmittelzulassung Bayern<br \/>c\/o Verband der Ersatzkassen e.V. (vdek)<br \/>Landesvertretung Bayern<br \/>Arnulfstra\u00dfe 201a<br \/>80634 M\u00fcnchen<\/p>\n<p><strong>Berufs-\/Betriebshaftpflichversicherung: <\/strong><\/p>\n<p>AXA Versicherungs<br \/>AG Bereich Firmenkunden<br \/>51171 K\u00f6ln<\/p>\n<p><strong>Gesetzliche Unfallversicherung:<\/strong><\/p>\n<p>Berufsgenossenschaft f\u00fcr Gesundheitsdienst und Wohlfahrtspflege (BGW)<br \/>Bezirksverwaltung M\u00fcnchen<br \/>Helmholtzstra\u00dfe 2<br \/>80636 M\u00fcnchen<\/p>\n<p><strong>Rechtliche Hinweise<\/strong><\/p>\n<p>Alle auf dieser Website ver\u00f6ffentlichten Beitr\u00e4ge und Abbildungen sind urheberrechtlich gesch\u00fctzt. Jede vom Urheberrechtsgesetz nicht zugelassene Verwertung bedarf vorheriger schriftlicher Zustimmung des Anbieters.<br \/>Dies gilt insbesondere f\u00fcr Vervielf\u00e4ltigung, Bearbeitung, Verarbeitung und Wiedergabe von Inhalten in elektronischen Medien und Systemen. Fotokopien und Downloads von Informationen d\u00fcrfen nur f\u00fcr den pers\u00f6nlichen, privaten und nicht-kommerziellen Gebrauch hergestellt werden.<\/p>\n<p><strong>Externe Links<\/strong><\/p>\n<p>Verlinkte Seiten unterliegen nicht der Kontrolle des Seitenbetreibers: Der Anbieter \u00fcbernimmt keinerlei Verantwortung f\u00fcr die Richtigkeit und Rechtm\u00e4\u00dfigkeit des Inhalts der verlinkten Website.<\/p>\n<p><strong>Urheberrecht:<\/strong><br \/>Der Inhalt dieser Webseite ist urheberrechtlich gesch\u00fctzt. Eine Vervielf\u00e4ltigung, Bearbeitung, Verarbeitung und Wiedergabe von Grafiken, Bildern oder Texten in anderen elektronischen Medien und gedruckten Publikationen ist nur mit ausdr\u00fccklicher Zustimmung erlaubt.<\/p>\n<p>Inhaltlich verantwortlich gem\u00e4\u00df \u00a755 Abs.2 RStV\/\u00a710 Abs.3MDStV:a<\/p>\n<p><strong>Konzept und Gestaltung:<\/strong><br \/>Christine Friebe \u2022 Diplom Grafik-Designerin (FH) \u2022 <a href=\"http:\/\/www.id-reich.de\">www.id-reich.de<\/a><br \/>Fotos: adobe stock; envato elements<\/p>\n<p>\u00a0<\/p>\n<div>\u00a0<\/div>\n<div>\u00a0<\/div>\t\t\t\t\t\t\t\t<\/div>\n\t\t\t\t<\/div>\n\t\t\t\t\t<\/div>\n\t\t\t\t<\/div>\n\t\t\t\t<\/div>\n\t\t","protected":false},"excerpt":{"rendered":"<p>Impressum Verantwortlich f\u00fcr die Inhalte dieser Internet-Seite: Florian Grie\u00dfemerN\u00fcrnberger Stra\u00dfe 190530 WendelsteinTel.: 0175 &#8211; 670 84 97info@physiointegralis.de Zust\u00e4ndige Beh\u00f6rde: ARGE Heilmittelzulassung Bayernc\/o Verband der Ersatzkassen e.V. (vdek)Landesvertretung BayernArnulfstra\u00dfe 201a80634 M\u00fcnchen Berufs-\/Betriebshaftpflichversicherung: AXA VersicherungsAG Bereich Firmenkunden51171 K\u00f6ln Gesetzliche Unfallversicherung: Berufsgenossenschaft f\u00fcr Gesundheitsdienst und Wohlfahrtspflege (BGW)Bezirksverwaltung M\u00fcnchenHelmholtzstra\u00dfe 280636 M\u00fcnchen Rechtliche Hinweise Alle auf dieser Website ver\u00f6ffentlichten Beitr\u00e4ge [&hellip;]<\/p>\n","protected":false},"author":2,"featured_media":0,"parent":0,"menu_order":1100,"comment_status":"closed","ping_status":"closed","template":"","meta":{"footnotes":""},"class_list":["post-332","page","type-page","status-publish","hentry"],"yoast_head":"<!-- This site is optimized with the Yoast SEO plugin v24.7 - https:\/\/yoast.com\/wordpress\/plugins\/seo\/ -->\n<title>Impressum - Integralis<\/title>\n<meta name=\"robots\" content=\"index, follow, max-snippet:-1, max-image-preview:large, max-video-preview:-1\" \/>\n<link rel=\"canonical\" href=\"https:\/\/physiointegralis.de\/?page_id=332\" \/>\n<meta property=\"og:locale\" content=\"de_DE\" \/>\n<meta property=\"og:type\" content=\"article\" \/>\n<meta property=\"og:title\" content=\"Impressum - Integralis\" \/>\n<meta property=\"og:description\" content=\"Impressum Verantwortlich f\u00fcr die Inhalte dieser Internet-Seite: Florian Grie\u00dfemerN\u00fcrnberger Stra\u00dfe 190530 WendelsteinTel.: 0175 &#8211; 670 84 97info@physiointegralis.de Zust\u00e4ndige Beh\u00f6rde: ARGE Heilmittelzulassung Bayernc\/o Verband der Ersatzkassen e.V. (vdek)Landesvertretung BayernArnulfstra\u00dfe 201a80634 M\u00fcnchen Berufs-\/Betriebshaftpflichversicherung: AXA VersicherungsAG Bereich Firmenkunden51171 K\u00f6ln Gesetzliche Unfallversicherung: Berufsgenossenschaft f\u00fcr Gesundheitsdienst und Wohlfahrtspflege (BGW)Bezirksverwaltung M\u00fcnchenHelmholtzstra\u00dfe 280636 M\u00fcnchen Rechtliche Hinweise Alle auf dieser Website ver\u00f6ffentlichten Beitr\u00e4ge [&hellip;]\" \/>\n<meta property=\"og:url\" content=\"https:\/\/physiointegralis.de\/?page_id=332\" \/>\n<meta property=\"og:site_name\" content=\"Integralis\" \/>\n<meta property=\"article:modified_time\" content=\"2025-03-24T09:54:33+00:00\" \/>\n<meta name=\"twitter:card\" content=\"summary_large_image\" \/>\n<meta name=\"twitter:label1\" content=\"Gesch\u00e4tzte Lesezeit\" \/>\n\t<meta name=\"twitter:data1\" content=\"1\u00a0Minute\" \/>\n<script type=\"application\/ld+json\" class=\"yoast-schema-graph\">{\"@context\":\"https:\/\/schema.org\",\"@graph\":[{\"@type\":\"WebPage\",\"@id\":\"https:\/\/physiointegralis.de\/?page_id=332\",\"url\":\"https:\/\/physiointegralis.de\/?page_id=332\",\"name\":\"Impressum - Integralis\",\"isPartOf\":{\"@id\":\"https:\/\/physiointegralis.de\/#website\"},\"datePublished\":\"2025-02-17T16:57:28+00:00\",\"dateModified\":\"2025-03-24T09:54:33+00:00\",\"breadcrumb\":{\"@id\":\"https:\/\/physiointegralis.de\/?page_id=332#breadcrumb\"},\"inLanguage\":\"de\",\"potentialAction\":[{\"@type\":\"ReadAction\",\"target\":[\"https:\/\/physiointegralis.de\/?page_id=332\"]}]},{\"@type\":\"BreadcrumbList\",\"@id\":\"https:\/\/physiointegralis.de\/?page_id=332#breadcrumb\",\"itemListElement\":[{\"@type\":\"ListItem\",\"position\":1,\"name\":\"Startseite\",\"item\":\"https:\/\/physiointegralis.de\/\"},{\"@type\":\"ListItem\",\"position\":2,\"name\":\"Impressum\"}]},{\"@type\":\"WebSite\",\"@id\":\"https:\/\/physiointegralis.de\/#website\",\"url\":\"https:\/\/physiointegralis.de\/\",\"name\":\"Integralis\",\"description\":\"\",\"publisher\":{\"@id\":\"https:\/\/physiointegralis.de\/#organization\"},\"potentialAction\":[{\"@type\":\"SearchAction\",\"target\":{\"@type\":\"EntryPoint\",\"urlTemplate\":\"https:\/\/physiointegralis.de\/?s={search_term_string}\"},\"query-input\":{\"@type\":\"PropertyValueSpecification\",\"valueRequired\":true,\"valueName\":\"search_term_string\"}}],\"inLanguage\":\"de\"},{\"@type\":\"Organization\",\"@id\":\"https:\/\/physiointegralis.de\/#organization\",\"name\":\"Integralis\",\"url\":\"https:\/\/physiointegralis.de\/\",\"logo\":{\"@type\":\"ImageObject\",\"inLanguage\":\"de\",\"@id\":\"https:\/\/physiointegralis.de\/#\/schema\/logo\/image\/\",\"url\":\"https:\/\/physiointegralis.de\/wp-content\/uploads\/2024\/08\/Logo_Variante1_bunt.png\",\"contentUrl\":\"https:\/\/physiointegralis.de\/wp-content\/uploads\/2024\/08\/Logo_Variante1_bunt.png\",\"width\":519,\"height\":532,\"caption\":\"Integralis\"},\"image\":{\"@id\":\"https:\/\/physiointegralis.de\/#\/schema\/logo\/image\/\"}}]}<\/script>\n<!-- \/ Yoast SEO plugin. -->","yoast_head_json":{"title":"Impressum - Integralis","robots":{"index":"index","follow":"follow","max-snippet":"max-snippet:-1","max-image-preview":"max-image-preview:large","max-video-preview":"max-video-preview:-1"},"canonical":"https:\/\/physiointegralis.de\/?page_id=332","og_locale":"de_DE","og_type":"article","og_title":"Impressum - Integralis","og_description":"Impressum Verantwortlich f\u00fcr die Inhalte dieser Internet-Seite: Florian Grie\u00dfemerN\u00fcrnberger Stra\u00dfe 190530 WendelsteinTel.: 0175 &#8211; 670 84 97info@physiointegralis.de Zust\u00e4ndige Beh\u00f6rde: ARGE Heilmittelzulassung Bayernc\/o Verband der Ersatzkassen e.V. (vdek)Landesvertretung BayernArnulfstra\u00dfe 201a80634 M\u00fcnchen Berufs-\/Betriebshaftpflichversicherung: AXA VersicherungsAG Bereich Firmenkunden51171 K\u00f6ln Gesetzliche Unfallversicherung: Berufsgenossenschaft f\u00fcr Gesundheitsdienst und Wohlfahrtspflege (BGW)Bezirksverwaltung M\u00fcnchenHelmholtzstra\u00dfe 280636 M\u00fcnchen Rechtliche Hinweise Alle auf dieser Website ver\u00f6ffentlichten Beitr\u00e4ge [&hellip;]","og_url":"https:\/\/physiointegralis.de\/?page_id=332","og_site_name":"Integralis","article_modified_time":"2025-03-24T09:54:33+00:00","twitter_card":"summary_large_image","twitter_misc":{"Gesch\u00e4tzte Lesezeit":"1\u00a0Minute"},"schema":{"@context":"https:\/\/schema.org","@graph":[{"@type":"WebPage","@id":"https:\/\/physiointegralis.de\/?page_id=332","url":"https:\/\/physiointegralis.de\/?page_id=332","name":"Impressum - Integralis","isPartOf":{"@id":"https:\/\/physiointegralis.de\/#website"},"datePublished":"2025-02-17T16:57:28+00:00","dateModified":"2025-03-24T09:54:33+00:00","breadcrumb":{"@id":"https:\/\/physiointegralis.de\/?page_id=332#breadcrumb"},"inLanguage":"de","potentialAction":[{"@type":"ReadAction","target":["https:\/\/physiointegralis.de\/?page_id=332"]}]},{"@type":"BreadcrumbList","@id":"https:\/\/physiointegralis.de\/?page_id=332#breadcrumb","itemListElement":[{"@type":"ListItem","position":1,"name":"Startseite","item":"https:\/\/physiointegralis.de\/"},{"@type":"ListItem","position":2,"name":"Impressum"}]},{"@type":"WebSite","@id":"https:\/\/physiointegralis.de\/#website","url":"https:\/\/physiointegralis.de\/","name":"Integralis","description":"","publisher":{"@id":"https:\/\/physiointegralis.de\/#organization"},"potentialAction":[{"@type":"SearchAction","target":{"@type":"EntryPoint","urlTemplate":"https:\/\/physiointegralis.de\/?s={search_term_string}"},"query-input":{"@type":"PropertyValueSpecification","valueRequired":true,"valueName":"search_term_string"}}],"inLanguage":"de"},{"@type":"Organization","@id":"https:\/\/physiointegralis.de\/#organization","name":"Integralis","url":"https:\/\/physiointegralis.de\/","logo":{"@type":"ImageObject","inLanguage":"de","@id":"https:\/\/physiointegralis.de\/#\/schema\/logo\/image\/","url":"https:\/\/physiointegralis.de\/wp-content\/uploads\/2024\/08\/Logo_Variante1_bunt.png","contentUrl":"https:\/\/physiointegralis.de\/wp-content\/uploads\/2024\/08\/Logo_Variante1_bunt.png","width":519,"height":532,"caption":"Integralis"},"image":{"@id":"https:\/\/physiointegralis.de\/#\/schema\/logo\/image\/"}}]}},"_links":{"self":[{"href":"https:\/\/physiointegralis.de\/index.php?rest_route=\/wp\/v2\/pages\/332","targetHints":{"allow":["GET"]}}],"collection":[{"href":"https:\/\/physiointegralis.de\/index.php?rest_route=\/wp\/v2\/pages"}],"about":[{"href":"https:\/\/physiointegralis.de\/index.php?rest_route=\/wp\/v2\/types\/page"}],"author":[{"embeddable":true,"href":"https:\/\/physiointegralis.de\/index.php?rest_route=\/wp\/v2\/users\/2"}],"replies":[{"embeddable":true,"href":"https:\/\/physiointegralis.de\/index.php?rest_route=%2Fwp%2Fv2%2Fcomments&post=332"}],"version-history":[{"count":10,"href":"https:\/\/physiointegralis.de\/index.php?rest_route=\/wp\/v2\/pages\/332\/revisions"}],"predecessor-version":[{"id":434,"href":"https:\/\/physiointegralis.de\/index.php?rest_route=\/wp\/v2\/pages\/332\/revisions\/434"}],"wp:attachment":[{"href":"https:\/\/physiointegralis.de\/index.php?rest_route=%2Fwp%2Fv2%2Fmedia&parent=332"}],"curies":[{"name":"wp","href":"https:\/\/api.w.org\/{rel}","templated":true}]}}